{"id":5575,"date":"2016-10-09T12:40:58","date_gmt":"2016-10-09T10:40:58","guid":{"rendered":"http:\/\/www.yurimansur.com\/?page_id=5575"},"modified":"2016-11-08T21:02:02","modified_gmt":"2016-11-08T20:02:02","slug":"bio","status":"publish","type":"page","link":"http:\/\/www.yurimansur.com\/fr\/bio\/","title":{"rendered":"Biographie"},"content":{"rendered":"<p>[vc_row][vc_column][vc_column_text]<\/p>\n<h1 style=\"text-align: justify;\">Le Br\u00e9sil au coeur<\/h1>\n<p style=\"text-align: justify;\">Lors des derni\u00e8res d\u00e9cennies, il y eut quelques vestes color\u00e9es sur les terrains de saut d\u2019obstacles. Mais personne ne peut manquer celle de Yuri Mansur. Lorsque la veste jaune \u2013 la couleur du soleil, du Br\u00e9sil, son pays \u2013 appara\u00eet en piste, nul doute possible : Yuri est bien l\u00e0. Le trentenaire longiligne se distingue non seulement par son look, mais aussi par son parcours, celui d\u2019un adolescent ayant r\u00e9alis\u00e9 son r\u00eave, d\u00e9fendre les couleurs de son pays au plus haut niveau.<\/p>\n<p>[\/vc_column_text][\/vc_column][\/vc_row][vc_row][vc_column][vc_empty_space][\/vc_column][\/vc_row][vc_row][vc_column][vc_column_text]<\/p>\n<p style=\"text-align: justify;\">N\u00e9 le 24 mai 1979 \u00e0 Sao Paulo, dans le sud-est br\u00e9silien, Yuri Mansur, de son nom complet Yuri Mansur Guerios, n\u2019est pas issu d\u2019une famille li\u00e9e au cheval\u2026mais le virus l\u2019a vite contamin\u00e9 ! \u00ab <strong><em>J\u2019ai toujours voulu monter \u00e0 cheval<\/em><\/strong> \u00bb se souvient Yuri. \u00ab <em>A deux ans, je montais sur un cheval \u00e0 bascule, puis j\u2019ai regard\u00e9 le film L\u2019Etalon Noir\u2026je faisais beaucoup de choses autour des chevaux<\/em> \u00bb. Apr\u00e8s le divorce de ses parents, Yuri s\u2019\u00e9loigne quelques temps de son r\u00eave, mais profite de chaque occasion qui se pr\u00e9sente pour pratiquer l\u2019\u00e9quitation, notamment en vacances. De 8 \u00e0 13 ans, il doit marquer une parenth\u00e8se. \u00ab <em>Nous habitions Sao Paulo, nous n\u2019avions pas beaucoup d\u2019argent<\/em> \u00bb raconte-t-il. Puis \u00e0 13 ans, au d\u00e9tour d\u2019une rue, il lit une petite annonce : un \u00e9leveur de chevaux de promenade vend des poulains. \u00ab <em>J\u2019ai t\u00e9l\u00e9phon\u00e9 pour demander combien ils co\u00fbtaient. Il m\u2019a r\u00e9pondu \u2018100 dollars\u2019. Ce n\u2019\u00e9tait pas beaucoup<\/em> \u00bb. <strong>Quelques jours plus tard, apr\u00e8s avoir convaincu sa maman, Yuri ach\u00e8te son premier cheval.<\/strong> \u00ab <em>Nous n\u2019avions aucun endroit o\u00f9 le mettre, je ne connaissais rien aux chevaux<\/em> \u00bb avoue-t-il. Au Br\u00e9sil, il n\u2019y a pas autant de centres \u00e9questres qu\u2019en Europe. Seuls trois ou quatre grands clubs maillent le territoire gigantesque du pays et tout le monde s\u2019y retrouve. Yuri opte pour le moins cher. \u00ab <em>Ce cheval \u00e9tait un peu comme un chien pour moi, je le promenais\u2026je ne voulais pas faire de l\u2019\u00e9quitation classique, je voulais devenir cow-boy, l\u2019\u00e9quitation ce n\u2019\u00e9tait pas tr\u00e8s viril<\/em>. \u00bb Yuri commence alors \u00e0 d\u00e9bourrer son cheval lorsqu\u2019il eut 3 ans et prend sa premi\u00e8re vraie le\u00e7on d\u2019\u00e9quitation. C\u2019est la r\u00e9v\u00e9lation.<\/p>\n<p>[\/vc_column_text][vc_empty_space][\/vc_column][\/vc_row][vc_row][vc_column width=&#8221;5\/6&#8243;][vc_column_text]<\/p>\n<p style=\"text-align: justify;\">Yuri n\u2019a jamais \u00e9t\u00e9 bon dans les autres sports, le football, le karat\u00e9 et les autres qu\u2019il essaya. Mais \u00e0 cheval, il se sentit tout de suite \u00e0 sa place. Il accumula les heures en selle, et comprit rapidement qu\u2019il voulait devenir cavalier professionnel. Pourtant, sa famille, tr\u00e8s impliqu\u00e9e dans l\u2019enseignement, ne voyait pas cela d\u2019un tr\u00e8s bon \u0153il. Le manque de moyens l\u2019emp\u00eache de d\u00e9buter la comp\u00e9tition en children et junior. Il dispute sa premi\u00e8re \u00e9preuve \u00e0 1,35m \u00e0 18 ans. Yuri \u00e9tudie alors \u00e0 l\u2019universit\u00e9 mais faute de moyens financiers, sa maman renonce \u00e0 l\u2019y envoyer. Il en profite pour se lancer dans le m\u00e9tier.<\/p>\n<p>[\/vc_column_text][\/vc_column][vc_column width=&#8221;1\/6&#8243;][vc_single_image image=&#8221;5711&#8243; img_size=&#8221;large&#8221; alignment=&#8221;center&#8221;][\/vc_column][\/vc_row][vc_row][vc_column][vc_column_text]<\/p>\n<h3 style=\"text-align: justify;\">Premier s\u00e9jour en Europe<\/h3>\n<p style=\"text-align: justify;\">Yuri saisit une opportunit\u00e9 : une place s\u2019offre \u00e0 lui en Belgique, chez Yves Villain. Il n\u2019a que 18 ans. \u00ab <em>Imagine. J\u2019arrivais d\u2019un club br\u00e9silien o\u00f9 je montais un cheval par jour. L\u00e0, j\u2019arrive, je fais les boxes, je nourris les chevaux, je les d\u00e9bourre. <strong>C\u2019\u00e9tait une \u00e9poque incroyable !<\/strong> Je me souviens qu\u2019\u00e0 la fin de la semaine de Gesves (<\/em>la finale des jeunes chevaux en Belgique, ndlr<em>), je me suis couch\u00e9 le dimanche \u00e0 18h\u2026et je me suis r\u00e9veill\u00e9 mardi \u00e0 12h. C\u2019\u00e9tait tellement de stress, je ne parlais pas la langue, tout \u00e9tait nouveau !<\/em> \u00bb. Yuri apprend beaucoup au contact d\u2019Yves, y compris en sortant les jeunes chevaux en concours. Mais Yuri r\u00eave de haut niveau. Apr\u00e8s diff\u00e9rentes places en tant que groom, notamment pour Emile Pequignet, il atterrit chez un certain\u2026<strong>Ludo Philippaerts<\/strong>. \u00ab <em>J\u2019ai commenc\u00e9 comme groom puis je suis devenu cavalier maison. J\u2019ai beaucoup travaill\u00e9 sur le plat, et ses chevaux ont bien progress\u00e9. Ludo m\u2019a alors donn\u00e9 l\u2019opportunit\u00e9 de sortir en concours<\/em> \u00bb raconte-t-il. A l\u2019\u00e9poque, Ludo Philippaerts travaillait beaucoup avec le marchand anglais Neil Jones, bas\u00e9 en Belgique. Yuri se voit ainsi confier quelques chevaux de niveau international, et d\u00e9bute v\u00e9ritablement sa carri\u00e8re. \u00ab <em>C\u2019est un moment cl\u00e9 dans ma vie, beaucoup de choses se sont mises en place<\/em> \u00bb avoue-t-il.<\/p>\n<p>[\/vc_column_text][\/vc_column][\/vc_row][vc_row][vc_column width=&#8221;5\/6&#8243;][vc_column_text]<\/p>\n<h3 style=\"text-align: justify;\"><strong>Parenth\u00e8se br\u00e9silienne<\/strong><\/h3>\n<p style=\"text-align: justify;\">Yuri d\u00e9cide ensuite de retourner au Br\u00e9sil quelques temps. L\u2019id\u00e9e d\u2019arr\u00eater l\u2019\u00e9quitation lui traverse la t\u00eate. Il travaille avec sa maman, directrice d\u2019une \u00e9cole \u00e0 Sao Paulo, mais cela ne fonctionne pas. Oblig\u00e9e de quitter sa maison, la famille Mansur doit trouver une solution. Yuri choisit de travailler pour le propri\u00e9taire d\u2019un haras, o\u00f9 les Mansur s\u2019installent, et remonte \u00e0 cheval apr\u00e8s 6 mois d\u2019arr\u00eat. Gr\u00e2ce \u00e0 son exp\u00e9rience europ\u00e9enne, Yuri convainc les clients de l\u2019\u00e9curie de lui faire confiance. \u00ab <em>C\u2019\u00e9tait difficile, je n\u2019avais pas assez d\u2019exp\u00e9rience, ni d\u2019argent, personne ne me connaissait<\/em> \u00bb t\u00e9moigne-t-il. <strong>Seul atout pour lui : le commerce.<\/strong> Il convainc un propri\u00e9taire br\u00e9silien de s\u2019associer et tr\u00e8s vite, gr\u00e2ce notamment \u00e0 Internet, Yuri cr\u00e9e son propre r\u00e9seau. Il ne perd n\u00e9anmoins pas de vue son ambition de devenir cavalier de haut niveau. \u00ab <em>Je participais aux grands prix m\u00eame avec des chevaux \u00e0 1000 dollars. <strong>Parfois, je n\u2019avais pas d\u2019argent pour payer le p\u00e9age en allant au concours. Alors je demandais aux gens de m\u2019aider. Je devais gagner au concours pour pouvoir payer mon retour<\/strong><\/em> \u00bb. Lors de sa premi\u00e8re saison en tant que marchand au Br\u00e9sil, en 2001, Yuri vend 25 chevaux. Il loue une \u00e9curie et d\u00e9veloppe son affaire. En 2004, il commence \u00e0 importer des chevaux d\u2019Europe. <strong>Puis en 2007, Ludo Philippaerts rappelle Yuri<\/strong>. \u00ab <em>Il voulait s\u2019associer avec moi et m\u2019envoyer des chevaux. De 3 chevaux import\u00e9s tous les 6 mois, je passe \u00e0 3 par mois. Je me suis mis \u00e0 travailler avec les grands marchands comme Axel Verlooy, Paul Sch\u00f6ckem\u00f6hle, Stephan Conter\u2026<\/em>\u00bb<\/p>\n<p>[\/vc_column_text][\/vc_column][vc_column width=&#8221;1\/6&#8243;][vc_single_image image=&#8221;5717&#8243; img_size=&#8221;medium&#8221; alignment=&#8221;center&#8221;][\/vc_column][\/vc_row][vc_row][vc_column width=&#8221;1\/2&#8243;][vc_text_separator title=&#8221;La m\u00e9thode Yuri&#8221; i_icon_fontawesome=&#8221;fa fa-commenting&#8221; i_color=&#8221;custom&#8221; add_icon=&#8221;true&#8221; i_custom_color=&#8221;#eee824&#8243;][vc_column_text]<\/p>\n<p style=\"text-align: justify;\">\u00ab\u00a0<em>Je crois beaucoup \u00e0 la r\u00e9p\u00e9tition. Quand tu travailles un cheval, tu dois savoir ce que tu cherches, et le faire dans un climat de confiance. J\u2019augmente le niveau de difficult\u00e9 de l\u2019exercice quand je sens que le cheval a bien acquis le niveau pr\u00e9c\u00e9dent. <strong>Lorsque j\u2019observe Ludger Beerbaum, Marcus Ehning, Marco Kutscher, c\u2019est \u00e7a\u00a0: r\u00e9p\u00e9ter et r\u00e9p\u00e9ter inlassablement.<\/strong> Ensuite, depuis deux ans, j\u2019ai aussi appris qu\u2019il fallait disputer des comp\u00e9titions jusqu\u2019\u00e0 ce que les chevaux soient au point. Au Br\u00e9sil, parce qu\u2019il n\u2019y a pas beaucoup de concours, nous passons bien plus de temps \u00e0 nous entra\u00eener \u00e0 la maison. Ici, en Europe, il faut encha\u00eener les \u00e9preuves, tout en travaillant le dressage. <strong>Nelson Pessoa, Franke Sloothaak, tous les cavaliers dont je m\u2019inspire placent le dressage avant tout le reste<\/strong>. J\u2019ai mont\u00e9 quelques temps une jument de propri\u00e9taire. Je gagnais beaucoup dans les \u00e9preuves de vitesse. Elle \u00e9tait un peu jument, et je la laissais faire. Un jour, j\u2019ai eu un probl\u00e8me avec elle, alors le propri\u00e9taire l\u2019a envoy\u00e9e chez Michael Whitaker. Les r\u00e9sultats n\u2019ont pas \u00e9t\u00e9 tr\u00e8s bons\u00a0mais la jument tournait formidablement bien car elle \u00e9tait dress\u00e9e. Quand on regarde les anglais, on ne se doute pas qu\u2019ils dressent leurs chevaux mais en r\u00e9alit\u00e9, ils le font. <strong>C\u2019est incroyable ce qu\u2019on obtient d\u2019un cheval dress\u00e9\u00a0!<\/strong><\/em>\u00a0\u00bb<\/p>\n<p>[\/vc_column_text][\/vc_column][vc_column width=&#8221;1\/2&#8243;][vc_column_text]<\/p>\n<h3 style=\"text-align: center;\">Le myst\u00e8re de la veste jaune<\/h3>\n<p>[\/vc_column_text][vc_single_image image=&#8221;5571&#8243; img_size=&#8221;medium&#8221; alignment=&#8221;center&#8221; style=&#8221;vc_box_shadow_border&#8221;][vc_column_text]<\/p>\n<p style=\"text-align: center;\"><em>\u00ab A cette \u00e9poque, j\u2019avais mon affaire de commerce de chevaux au Br\u00e9sil et un groupe de cavaliers travaillait pour moi. Puis ils se sont lanc\u00e9s de leur c\u00f4t\u00e9 et m\u2019ont fait concurrence. Or, nous avions potentiellement les m\u00eames clients. Je me suis donc demand\u00e9 comment me d\u00e9marquer. En plus, j\u2019ai toujours pens\u00e9 que la veste de l\u2019\u00e9quipe br\u00e9silienne devait \u00eatre jaune, pas verte, car d\u2019autres pays utilisent cette couleur. Juste jaune, pas jaune et vert parce que c\u2019est trop br\u00e9silien. Mon partenaire Cavalleria Toscana l\u2019a cr\u00e9\u00e9e pour moi sur-mesure. \u00bb<\/em><\/p>\n<p>[\/vc_column_text][\/vc_column][\/vc_row][vc_row][vc_column][vc_column_text]<\/p>\n<h3>D\u00e9collage report\u00e9<\/h3>\n<p style=\"text-align: justify;\">Gr\u00e2ce \u00e0 ces chevaux ramen\u00e9s d\u2019Europe, Yuri obtient ses premiers succ\u00e8s sportifs. Vice-Champion du Br\u00e9sil, il gagne quelques \u00e9preuves mais reste d\u2019abord dans l\u2019esprit des gens un marchand de chevaux. Il remporte son premier grand prix Coupe du Monde de la ligue sud-am\u00e9ricaine en 2010. Financi\u00e8rement, Yuri vit des heures compliqu\u00e9es. Il vient d\u2019acheter son propre terrain et de construire son \u00e9curie. Il part quand m\u00eame Europe se pr\u00e9parer et courir quelques coupes du monde. \u00ab\u00a0<em>Jusqu\u2019\u00e0 Dortmund, mon cheval a suivi une tr\u00e8s bonne pr\u00e9paration. <strong>Mais une semaine avant Gen\u00e8ve, Ideal de Balia<\/strong><\/em> (Selle Fran\u00e7ais par Bayard d\u2019Elle, ndla) <strong><em>meurt apr\u00e8s de fortes coliques et une fracture survenue apr\u00e8s l\u2019op\u00e9ration.<\/em><\/strong>\u00a0\u00bb Double coup dur\u00a0: l\u2019assurance ne fonctionne pas, Ideal ayant d\u00e9j\u00e0 \u00e9t\u00e9 op\u00e9r\u00e9 dans ses jeunes ann\u00e9es alors que Yuri n\u2019en savait rien. Les organisateurs du CHI de Gen\u00e8ve invite malgr\u00e9 tout Yuri \u00e0 disputer le CSI3*.<\/p>\n<p>[\/vc_column_text][vc_empty_space][\/vc_column][\/vc_row][vc_row][vc_column width=&#8221;1\/4&#8243;][vc_single_image image=&#8221;5724&#8243; img_size=&#8221;large&#8221; alignment=&#8221;center&#8221; onclick=&#8221;img_link_large&#8221;][\/vc_column][vc_column width=&#8221;3\/4&#8243;][vc_column_text]<\/p>\n<h3 style=\"text-align: justify;\">First Devision, Cornetto K\u2026<\/h3>\n<p style=\"text-align: justify;\">Yuri rentre alors au Br\u00e9sil et recommence : former, valoriser, progresser. <strong>Et encore une fois, il domine la ligue Coupe du Monde sud-am\u00e9ricaine avec des chevaux peu exp\u00e9riment\u00e9s.<\/strong> Il s\u2019envole \u00e0 nouveau pour l\u2019Europe et disputer \u2013 enfin ! \u2013 <strong>sa premi\u00e8re finale Coupe du Monde \u00e0 Leipzig<\/strong> avec Gitano et Vip vd Keersop. Il loupe l\u2019ultime manche pour un petit point. Il rejoint l\u2019\u00e9quipe br\u00e9silienne lors des CSIO4* de Linz et Copenhague avant de rentrer au pays o\u00f9 il conquiert un <strong>second titre de Vice-Champion du Br\u00e9sil<\/strong>. Apr\u00e8s une belle saison 2012, Yuri r\u00e9alise sa meilleure ann\u00e9e en 2013. \u00ab <strong><em>Je vendais environ 200 chevaux par an partout en Am\u00e9rique du Sud. Sur les 12 grands prix br\u00e9siliens, j\u2019en ai gagn\u00e9 9 et fini 2e des trois autres. Ce fut ma meilleure saison l\u00e0-bas !<\/em><\/strong> \u00bb dit-il. Fin 2013, justement, Yuri croise la route de <strong>First Devision<\/strong> qu\u2019il ach\u00e8te \u00e0 Harrie Smolders (NED). Il n\u2019a alors que 7 ans. \u00ab <strong><em>Personne n\u2019y croyait !<\/em><\/strong> \u00bb lance Yuri. A 8 ans, le bai est sacr\u00e9 vice-champion du Br\u00e9sil et lui permet de se qualifier \u00e0 nouveau pour la finale Coupe du Monde. \u00ab <em>C\u2019\u00e9tait d\u00e9j\u00e0 une performance<\/em> \u00bb avoue-t-il. \u00ab <em>Pour les europ\u00e9ens, c\u2019est normal d\u2019y aller quand tu disputes le circuit. Mais au Br\u00e9sil, il n\u2019y a qu\u2019un indoor par an, nous n\u2019avons pas l\u2019habitude<\/em> \u00bb. 23e de la finale lyonnaise, Yuri reste ensuite en Europe. 5e de la Coupe des Nations de La Baule (FRA), <strong>il finit double sans faute dans celle de Rotterdam<\/strong> (NED). \u00ab <em>Ce fut le concours de ma vie ! Personne ne me connaissait, mes chevaux \u00e9taient vraiment verts, je les avais construits moi-m\u00eame\u2026 Je suis le seul double sans faute avec Gerco Schr\u00f6der (NED) qui montait London.<\/em> \u00bb<\/p>\n<p>[\/vc_column_text][\/vc_column][\/vc_row][vc_row][vc_column width=&#8221;1\/2&#8243;][vc_column_text]<\/p>\n<h3 style=\"text-align: justify;\"><strong>Pas de JEM<\/strong><\/h3>\n<p style=\"text-align: justify;\">D\u00e9sormais membre \u00e0 part enti\u00e8re de l\u2019\u00e9quipe br\u00e9silienne en Coupe des Nations, Yuri est d\u00e9termin\u00e9 \u00e0 d\u00e9fendre les couleurs de son pays lors des Jeux Equestres Mondiaux 2014 \u00e0 Caen. Malgr\u00e9 ses excellents et nombreux r\u00e9sultats, Yuri est r\u00e9serviste. \u00ab <em>J\u2019\u00e9tais un peu frustr\u00e9<\/em> \u00bb admet-il. Constatant qu\u2019il n\u2019avait aucune chance d\u2019int\u00e9grer la s\u00e9lection finale, <strong>il d\u00e9cide de vendre First Devision au Qatar<\/strong> mais choisit de rester en Europe. \u00ab <em>J\u2019\u00e9tais parvenu au maximum de ce que je pouvais faire au Br\u00e9sil<\/em> \u00bb explique-t-il. \u00ab <em>C\u2019\u00e9tait un choix de vie. Je pouvais rester au Br\u00e9sil et vivre confortablement le reste de mes jours. Mais je voulais plus<\/em> \u00bb. Car Yuri garde son r\u00eave en t\u00eate : atteindre le tr\u00e8s haut niveau et y rester. <strong>Il a la chance de croiser la route de Cornetto K<\/strong>. L\u2019entente se fait imm\u00e9diatement, le couple aligne les sans faute et se retrouve invit\u00e9 au Global Champions Tour de Hambourg 2015 o\u00f9 il signe un sans faute. Vainqueurs du Grand Prix 3* de Lier (BEL), 5e \u00e0 Saint-L\u00f4 (FRA), Yuri et Cornetto K accumulent les performances. Mais \u00e0 nouveau, le couperet tombe : pas de s\u00e9lection pour les Jeux Panam\u00e9ricains. Yuri d\u00e9cide, comme pour First Devision, de vendre son excellent fils de Cornet Obolensky.<\/p>\n<p>[\/vc_column_text][vc_column_text]<\/p>\n<h3 style=\"text-align: justify;\">Nouvelle \u00e8re<\/h3>\n<p style=\"text-align: justify;\">Cette vente lui permet d\u2019acqu\u00e9rir deux excellentes montures, alezanes toutes les deux. D\u2019abord <strong>Babylotte<\/strong>, tr\u00e8s vite sans faute et et qui aujourd\u2019hui permet \u00e0 Yuri de rivaliser avec les meilleurs mondiaux ; puis <strong>Quartz de la Lande<\/strong>, d\u00e9but\u00e9 en janvier 2016 au CSI3* de Drachten (NOR) apr\u00e8s avoir gagn\u00e9 en octobre 2015 le Grand Prix 3* de Saint-L\u00f4 sous la selle du futur Champion Olympique Roger-Yves Bost. Avec ces deux chevaux, Yuri veut construire une relation durable qui lui permette de tutoyer les sommets. Un peu comme celle qui le lie \u00e0 son cavalier, Adir Abreu Jr. \u00ab <strong><em>Nous faisons partie la nouvelle g\u00e9n\u00e9ration, avec Marlon, Pedro, Stefan, moi\u2026 De belles ann\u00e9es se pr\u00e9parent<\/em> <\/strong>\u00bb. Objectif affich\u00e9 : entrer et rester dans le top 100 mondial, et disputer chaque week-end des CSI5*.<\/p>\n<p>[\/vc_column_text][\/vc_column][vc_column width=&#8221;1\/2&#8243;][vc_single_image image=&#8221;5721&#8243; img_size=&#8221;medium&#8221; alignment=&#8221;center&#8221; onclick=&#8221;img_link_large&#8221;][vc_empty_space][vc_single_image image=&#8221;5650&#8243; img_size=&#8221;medium&#8221; alignment=&#8221;center&#8221; onclick=&#8221;img_link_large&#8221;][vc_empty_space][vc_single_image image=&#8221;5662&#8243; img_size=&#8221;medium&#8221; alignment=&#8221;center&#8221; onclick=&#8221;img_link_large&#8221;][\/vc_column][\/vc_row][vc_row][vc_column][vc_empty_space][\/vc_column][\/vc_row][vc_row][vc_column width=&#8221;1\/2&#8243;][vc_single_image image=&#8221;5656&#8243; img_size=&#8221;medium&#8221; alignment=&#8221;center&#8221;][\/vc_column][vc_column width=&#8221;1\/2&#8243;][vc_column_text]<\/p>\n<h3>Principales performances<\/h3>\n<ul>\n<li>2 fois Vice-Champion du Br\u00e9sil de saut d\u2019obstacles<\/li>\n<li>3 fois qualifi\u00e9 pour la Finale Coupe du Monde<\/li>\n<li>Vainqueur des grands prix international de Sao Paulo, Lier, Rio de Janeiro, et Porto Alegre, et des Coupes des Nations de Porto Alegre, Buenos Aires et Barcelone<\/li>\n<li>2e de la Coupe des Nations de Calgary, 3e du Grand Prix de Vejer de la Frontera, de la Coupe des Nations de Linz, 4e de la Coupe des Nations de Wellington, 5e du Grand Prix de Saint-L\u00f4, 6e du Grand Prix de Lummen, \u2026<\/li>\n<\/ul>\n<p>[\/vc_column_text][\/vc_column][\/vc_row][vc_row][vc_column][vc_empty_space height=&#8221;25px&#8221;][\/vc_column][\/vc_row]<\/p>\n","protected":false},"excerpt":{"rendered":"<p>[vc_row][vc_column][vc_column_text] Le Br\u00e9sil au coeur Lors des derni\u00e8res d\u00e9cennies, il y eut quelques vestes color\u00e9es sur les terrains de saut d\u2019obstacles. Mais personne ne peut manquer celle de Yuri Mansur. Lorsque la veste jaune \u2013 la couleur du soleil, du Br\u00e9sil, son pays \u2013 appara\u00eet en piste, nul doute possible : Yuri est bien l\u00e0. Le trentenaire longiligne se distingue non seulement par son look, mais aussi par son parcours, celui d\u2019un adolescent ayant r\u00e9alis\u00e9 son r\u00eave, d\u00e9fendre les couleurs de son pays au plus haut niveau. [\/vc_column_text][\/vc_column][\/vc_row][vc_row][vc_column][vc_empty_space][\/vc_column][\/vc_row][vc_row][vc_column][vc_column_text] N\u00e9 le 24 mai 1979 \u00e0 Sao Paulo, dans le sud-est br\u00e9silien, &hellip; <a href=\"http:\/\/www.yurimansur.com\/fr\/bio\/\">Continued<\/a><\/p>\n","protected":false},"author":2,"featured_media":0,"parent":0,"menu_order":0,"comment_status":"closed","ping_status":"closed","template":"","meta":[],"_links":{"self":[{"href":"http:\/\/www.yurimansur.com\/fr\/wp-json\/wp\/v2\/pages\/5575"}],"collection":[{"href":"http:\/\/www.yurimansur.com\/fr\/wp-json\/wp\/v2\/pages"}],"about":[{"href":"http:\/\/www.yurimansur.com\/fr\/wp-json\/wp\/v2\/types\/page"}],"author":[{"embeddable":true,"href":"http:\/\/www.yurimansur.com\/fr\/wp-json\/wp\/v2\/users\/2"}],"replies":[{"embeddable":true,"href":"http:\/\/www.yurimansur.com\/fr\/wp-json\/wp\/v2\/comments?post=5575"}],"version-history":[{"count":23,"href":"http:\/\/www.yurimansur.com\/fr\/wp-json\/wp\/v2\/pages\/5575\/revisions"}],"predecessor-version":[{"id":5799,"href":"http:\/\/www.yurimansur.com\/fr\/wp-json\/wp\/v2\/pages\/5575\/revisions\/5799"}],"wp:attachment":[{"href":"http:\/\/www.yurimansur.com\/fr\/wp-json\/wp\/v2\/media?parent=5575"}],"curies":[{"name":"wp","href":"https:\/\/api.w.org\/{rel}","templated":true}]}}