{"id":5254,"date":"2016-09-18T16:29:13","date_gmt":"2016-09-18T14:29:13","guid":{"rendered":"http:\/\/www.yurimansur.com\/?page_id=5254"},"modified":"2016-11-29T08:26:53","modified_gmt":"2016-11-29T07:26:53","slug":"lequipe","status":"publish","type":"page","link":"http:\/\/www.yurimansur.com\/fr\/lequipe\/","title":{"rendered":"L&#8217;\u00e9quipe"},"content":{"rendered":"<p>[vc_row][vc_column][vc_empty_space height=&#8221;50px&#8221;][\/vc_column][\/vc_row][vc_row][vc_column][vc_column_text]<\/p>\n<h3 style=\"text-align: justify;\">L&#8217;\u00e9quipe<\/h3>\n<p style=\"text-align: justify;\">Sans une \u00e9quipe comp\u00e9tente et fiable, atteindre le haut niveau et y rester est impossible. Pour se donner toutes les chances de r\u00e9ussir, Yuri s&#8217;appuie sur plusieurs personnes fid\u00e8les.<\/p>\n<p>[\/vc_column_text][\/vc_column][\/vc_row][vc_row][vc_column width=&#8221;1\/4&#8243;][vc_single_image image=&#8221;5623&#8243; img_size=&#8221;large&#8221; alignment=&#8221;center&#8221; onclick=&#8221;img_link_large&#8221;][\/vc_column][vc_column width=&#8221;1\/4&#8243;][vc_single_image image=&#8221;5756&#8243; img_size=&#8221;large&#8221; alignment=&#8221;center&#8221; onclick=&#8221;img_link_large&#8221;][\/vc_column][vc_column width=&#8221;1\/4&#8243;][vc_single_image image=&#8221;5683&#8243; img_size=&#8221;large&#8221; alignment=&#8221;center&#8221; onclick=&#8221;img_link_large&#8221;][\/vc_column][vc_column width=&#8221;1\/4&#8243;][vc_single_image image=&#8221;5659&#8243; img_size=&#8221;large&#8221; alignment=&#8221;center&#8221; onclick=&#8221;img_link_large&#8221;][\/vc_column][\/vc_row][vc_row][vc_column width=&#8221;1\/4&#8243;][vc_column_text]<\/p>\n<h3>Yuri Mansur<\/h3>\n<h6>Cavalier international, membre de l&#8217;\u00e9quipe du Br\u00e9sil.<\/h6>\n<p>D\u00e9tecte les meilleurs chevaux, les forme et les am\u00e8ne au plus haut niveau.[\/vc_column_text][\/vc_column][vc_column width=&#8221;1\/4&#8243;][vc_column_text]<\/p>\n<h3>Louisie Weber<\/h3>\n<h6>Manager de l&#8217;\u00e9curie.<\/h6>\n<p>Elle g\u00e8re tout, sait tout, voit tout&#8230;et surtout accompagne Yuri et son \u00e9quipe partout pour les soutenir ![\/vc_column_text][\/vc_column][vc_column width=&#8221;1\/4&#8243;][vc_column_text]<\/p>\n<h3>Adir Abreu Jr<\/h3>\n<h6>Cavalier international.<\/h6>\n<p>Form\u00e9 par Yuri, il l&#8217;accompagne r\u00e9guli\u00e8rement lors des grandes comp\u00e9titions et valorise les plus jeunes chevaux de l&#8217;\u00e9curie.[\/vc_column_text][\/vc_column][vc_column width=&#8221;1\/4&#8243;][vc_column_text]<\/p>\n<h3>Pedro et son poney<\/h3>\n<h6>La rel\u00e8ve !<\/h6>\n<p>Le fils de Yuri et Louisie a d\u00e9j\u00e0 choisi : plus grand, il sera cavalier international ! Avec son poney pie, il participe d\u00e9j\u00e0 \u00e0 quelques comp\u00e9titions ![\/vc_column_text][\/vc_column][\/vc_row][vc_row][vc_column][vc_empty_space height=&#8221;25px&#8221;][\/vc_column][\/vc_row]<\/p>\n","protected":false},"excerpt":{"rendered":"<p>[vc_row][vc_column][vc_empty_space height=&#8221;50px&#8221;][\/vc_column][\/vc_row][vc_row][vc_column][vc_column_text] L&#8217;\u00e9quipe Sans une \u00e9quipe comp\u00e9tente et fiable, atteindre le haut niveau et y rester est impossible. Pour se donner toutes les chances de r\u00e9ussir, Yuri s&#8217;appuie sur plusieurs personnes fid\u00e8les. [\/vc_column_text][\/vc_column][\/vc_row][vc_row][vc_column width=&#8221;1\/4&#8243;][vc_single_image image=&#8221;5623&#8243; img_size=&#8221;large&#8221; alignment=&#8221;center&#8221; onclick=&#8221;img_link_large&#8221;][\/vc_column][vc_column width=&#8221;1\/4&#8243;][vc_single_image image=&#8221;5756&#8243; img_size=&#8221;large&#8221; alignment=&#8221;center&#8221; onclick=&#8221;img_link_large&#8221;][\/vc_column][vc_column width=&#8221;1\/4&#8243;][vc_single_image image=&#8221;5683&#8243; img_size=&#8221;large&#8221; alignment=&#8221;center&#8221; onclick=&#8221;img_link_large&#8221;][\/vc_column][vc_column width=&#8221;1\/4&#8243;][vc_single_image image=&#8221;5659&#8243; img_size=&#8221;large&#8221; alignment=&#8221;center&#8221; onclick=&#8221;img_link_large&#8221;][\/vc_column][\/vc_row][vc_row][vc_column width=&#8221;1\/4&#8243;][vc_column_text] Yuri Mansur Cavalier international, membre de l&#8217;\u00e9quipe du Br\u00e9sil. D\u00e9tecte les meilleurs chevaux, les forme et les am\u00e8ne au plus haut niveau.[\/vc_column_text][\/vc_column][vc_column width=&#8221;1\/4&#8243;][vc_column_text] Louisie Weber Manager de l&#8217;\u00e9curie. Elle g\u00e8re tout, sait tout, voit tout&#8230;et surtout accompagne Yuri et son \u00e9quipe partout pour les soutenir ![\/vc_column_text][\/vc_column][vc_column &hellip; <a href=\"http:\/\/www.yurimansur.com\/fr\/lequipe\/\">Continued<\/a><\/p>\n","protected":false},"author":2,"featured_media":0,"parent":0,"menu_order":0,"comment_status":"closed","ping_status":"closed","template":"page-fullwidth.php","meta":[],"_links":{"self":[{"href":"http:\/\/www.yurimansur.com\/fr\/wp-json\/wp\/v2\/pages\/5254"}],"collection":[{"href":"http:\/\/www.yurimansur.com\/fr\/wp-json\/wp\/v2\/pages"}],"about":[{"href":"http:\/\/www.yurimansur.com\/fr\/wp-json\/wp\/v2\/types\/page"}],"author":[{"embeddable":true,"href":"http:\/\/www.yurimansur.com\/fr\/wp-json\/wp\/v2\/users\/2"}],"replies":[{"embeddable":true,"href":"http:\/\/www.yurimansur.com\/fr\/wp-json\/wp\/v2\/comments?post=5254"}],"version-history":[{"count":13,"href":"http:\/\/www.yurimansur.com\/fr\/wp-json\/wp\/v2\/pages\/5254\/revisions"}],"predecessor-version":[{"id":5773,"href":"http:\/\/www.yurimansur.com\/fr\/wp-json\/wp\/v2\/pages\/5254\/revisions\/5773"}],"wp:attachment":[{"href":"http:\/\/www.yurimansur.com\/fr\/wp-json\/wp\/v2\/media?parent=5254"}],"curies":[{"name":"wp","href":"https:\/\/api.w.org\/{rel}","templated":true}]}}