{"id":17,"date":"2016-09-14T19:36:04","date_gmt":"2016-09-14T17:36:04","guid":{"rendered":"http:\/\/www.yurimansur.com\/?page_id=17"},"modified":"2017-02-01T09:57:41","modified_gmt":"2017-02-01T08:57:41","slug":"accueil","status":"publish","type":"page","link":"http:\/\/www.yurimansur.com\/fr\/","title":{"rendered":"Accueil"},"content":{"rendered":"<p>[vc_row][vc_column][vc_empty_space][\/vc_column][\/vc_row][vc_row][vc_column width=&#8221;4\/6&#8243;][vc_column_text]<\/p>\n<h1>Travail, courage, m\u00e9thode<\/h1>\n<p style=\"text-align: justify;\"><span style=\"font-size: 12pt;\">&#8220;A l&#8217;image de mon pays, le Br\u00e9sil, je souhaite vous montrer sur ce site toute la richesse de mon parcours et la chance incroyable qu&#8217;il m&#8217;a \u00e9t\u00e9 donn\u00e9 de croiser le chemin de personnalit\u00e9s du monde \u00e9questre. Je n&#8217;avais qu&#8217;une dizaine d&#8217;ann\u00e9es lorsque j&#8217;ai commenc\u00e9 \u00e0 r\u00eaver d&#8217;imiter Nelson Pessoa ou John Whitaker. Ils sont devenus, avec Marcus Ehning, mes trois r\u00e9f\u00e9rences, ceux qui ont chang\u00e9 ma vision de l&#8217;\u00e9quitation et r\u00e9volutionn\u00e9 leur sport.<\/span><\/p>\n<p style=\"text-align: justify;\"><span style=\"font-size: 12pt;\">Depuis mon premier poney, j&#8217;ai suivi un long parcours jalonn\u00e9 de succ\u00e8s mais aussi de difficult\u00e9s. Je me suis battu chaque jour pour construire une \u00e9curie \u00e0 mon image, simple, respectueuse des chevaux, o\u00f9 les valeurs de travail et d&#8217;humilit\u00e9 occupent une place pr\u00e9pond\u00e9rante. D&#8217;abord groom puis cavalier maison au sein d&#8217;\u00e9curies renomm\u00e9es, je mets un point d&#8217;honneur \u00e0 donner une chance \u00e0 tous, chevaux comme cavaliers.<\/span><\/p>\n<p style=\"text-align: justify;\"><span style=\"font-size: 12pt;\">Aujourd&#8217;hui, bien que d\u00e9j\u00e0 exp\u00e9riment\u00e9, je cherche toujours \u00e0 m&#8217;am\u00e9liorer et \u00e0 progresser. Avec pour objectif d&#8217;\u00e9voluer sans cesse vers le haut niveau, soutenu par mes fid\u00e8les partenaires et mon \u00e9quipe.&#8221;<\/span><\/p>\n<p>[\/vc_column_text][vc_single_image image=&#8221;5889&#8243; img_size=&#8221;medium&#8221; alignment=&#8221;right&#8221;][vc_empty_space height=&#8221;30px&#8221;][vc_gallery type=&#8221;image_grid&#8221; images=&#8221;5406,5400,5394,5403&#8243; onclick=&#8221;&#8221; css=&#8221;.vc_custom_1475844866502{margin-right: 50px !important;margin-left: 50px !important;}&#8221;][\/vc_column][vc_column width=&#8221;2\/6&#8243;][vc_text_separator title=&#8221;Bio &amp; Perfs&#8221; color=&#8221;custom&#8221; accent_color=&#8221;#fbe000&#8243;][vc_empty_space height=&#8221;15px&#8221;][vc_single_image image=&#8221;5511&#8243; img_size=&#8221;full&#8221; alignment=&#8221;center&#8221; style=&#8221;vc_box_shadow_border_circle_2&#8243; onclick=&#8221;custom_link&#8221; css_animation=&#8221;top-to-bottom&#8221;][vc_empty_space height=&#8221;15px&#8221;][vc_text_separator title=&#8221;Chevaux&#8221; color=&#8221;custom&#8221; accent_color=&#8221;#fbe000&#8243;][vc_empty_space height=&#8221;15px&#8221;][vc_empty_space height=&#8221;15px&#8221;][horseclub_grid_portofoliio porcol=&#8221;2&#8243; filter=&#8221;no&#8221; show_more_grid=&#8221;yes&#8221; nospace=&#8221;nospace&#8221; perpage=&#8221;4&#8243; gridporhover=&#8221;circle_hover&#8221; gpbtn=&#8221;gfno&#8221; port_category=&#8221;Grand Prix&#8221;][\/vc_column][\/vc_row][vc_row][vc_column width=&#8221;1\/2&#8243;][vc_empty_space height=&#8221;25px&#8221;][vc_text_separator title=&#8221;Agenda&#8221; color=&#8221;custom&#8221; accent_color=&#8221;#fbe000&#8243;][vc_empty_space height=&#8221;25px&#8221;]<div class=\"mec-skin-list-container \" id=\"mec_skin_5356\">\n    \n        <div class=\"mec-skin-list-events-container\" id=\"mec_skin_events_5356\">\n        Pas de concours    <\/div>\n        \n    <\/div>[\/vc_column][vc_column width=&#8221;1\/2&#8243;][vc_empty_space height=&#8221;25px&#8221;][vc_text_separator title=&#8221;Facebook&#8221; color=&#8221;custom&#8221; accent_color=&#8221;#fbe000&#8243;][vc_empty_space height=&#8221;25px&#8221;][vc_column_text]<\/p>\n<p><center><iframe width=\"500\" height=\"340\" frameborder=\"0\" scrolling=\"no\" src=\"https:\/\/www.facebook.com\/plugins\/page.php?href=https%3A%2F%2Fwww.facebook.com%2Fyurimansurguerios%2F%3Ffref%3Dts&amp;tabs=timeline&amp;width=500&amp;height=340&amp;small_header=true&amp;adapt_container_width=true&amp;hide_cover=false&amp;show_facepile=true&amp;appId=871452122907213\"><\/iframe><\/center>[\/vc_column_text][\/vc_column][\/vc_row][vc_row][vc_column][vc_empty_space height=&#8221;50px&#8221;][\/vc_column][\/vc_row][vc_row][vc_column width=&#8221;1\/6&#8243;][vc_icon icon_fontawesome=&#8221;fa fa-home&#8221; color=&#8221;custom&#8221; background_style=&#8221;rounded&#8221; background_color=&#8221;custom&#8221; align=&#8221;center&#8221; css_animation=&#8221;appear&#8221; custom_color=&#8221;#26285b&#8221; custom_background_color=&#8221;#fbe900&#8243;][\/vc_column][vc_column width=&#8221;1\/6&#8243;][vc_column_text]<\/p>\n<p style=\"text-align: left;\">Yuri Mansur \/\u00a0Euro Stables \/\u00a0Wervenstraat 10 Niel bij As \/\u00a0Belgium<\/p>\n<p>[\/vc_column_text][\/vc_column][vc_column width=&#8221;1\/6&#8243;][vc_icon icon_fontawesome=&#8221;fa fa-envelope&#8221; color=&#8221;custom&#8221; background_style=&#8221;rounded&#8221; background_color=&#8221;custom&#8221; align=&#8221;center&#8221; css_animation=&#8221;appear&#8221; custom_color=&#8221;#26285b&#8221; custom_background_color=&#8221;#fbe900&#8243;][\/vc_column][vc_column width=&#8221;1\/6&#8243;][vc_empty_space height=&#8221;15px&#8221;][vc_column_text]<\/p>\n<p style=\"text-align: left;\">contact@yurimansur.com<\/p>\n<p>[\/vc_column_text][\/vc_column][vc_column width=&#8221;1\/6&#8243;][vc_icon icon_fontawesome=&#8221;fa fa-phone&#8221; color=&#8221;custom&#8221; background_style=&#8221;rounded&#8221; background_color=&#8221;custom&#8221; align=&#8221;center&#8221; css_animation=&#8221;appear&#8221; custom_color=&#8221;#26285b&#8221; custom_background_color=&#8221;#fbe900&#8243;][\/vc_column][vc_column width=&#8221;1\/6&#8243;][vc_empty_space height=&#8221;15px&#8221;][vc_column_text]Louisie:<br \/>\n+ 32 486 08 83 51[\/vc_column_text][\/vc_column][\/vc_row][vc_row][vc_column][vc_empty_space height=&#8221;25px&#8221;][\/vc_column][\/vc_row]<\/p>\n","protected":false},"excerpt":{"rendered":"<p>[vc_row][vc_column][vc_empty_space][\/vc_column][\/vc_row][vc_row][vc_column width=&#8221;4\/6&#8243;][vc_column_text] Travail, courage, m\u00e9thode &#8220;A l&#8217;image de mon pays, le Br\u00e9sil, je souhaite vous montrer sur ce site toute la richesse de mon parcours et la chance incroyable qu&#8217;il m&#8217;a \u00e9t\u00e9 donn\u00e9 de croiser le chemin de personnalit\u00e9s du monde \u00e9questre. Je n&#8217;avais qu&#8217;une dizaine d&#8217;ann\u00e9es lorsque j&#8217;ai commenc\u00e9 \u00e0 r\u00eaver d&#8217;imiter Nelson Pessoa ou John Whitaker. Ils sont devenus, avec Marcus Ehning, mes trois r\u00e9f\u00e9rences, ceux qui ont chang\u00e9 ma vision de l&#8217;\u00e9quitation et r\u00e9volutionn\u00e9 leur sport. Depuis mon premier poney, j&#8217;ai suivi un long parcours jalonn\u00e9 de succ\u00e8s mais aussi de difficult\u00e9s. Je me suis battu chaque &hellip; <a href=\"http:\/\/www.yurimansur.com\/fr\/\">Continued<\/a><\/p>\n","protected":false},"author":1,"featured_media":0,"parent":0,"menu_order":0,"comment_status":"closed","ping_status":"closed","template":"page-fullwidth.php","meta":[],"_links":{"self":[{"href":"http:\/\/www.yurimansur.com\/fr\/wp-json\/wp\/v2\/pages\/17"}],"collection":[{"href":"http:\/\/www.yurimansur.com\/fr\/wp-json\/wp\/v2\/pages"}],"about":[{"href":"http:\/\/www.yurimansur.com\/fr\/wp-json\/wp\/v2\/types\/page"}],"author":[{"embeddable":true,"href":"http:\/\/www.yurimansur.com\/fr\/wp-json\/wp\/v2\/users\/1"}],"replies":[{"embeddable":true,"href":"http:\/\/www.yurimansur.com\/fr\/wp-json\/wp\/v2\/comments?post=17"}],"version-history":[{"count":108,"href":"http:\/\/www.yurimansur.com\/fr\/wp-json\/wp\/v2\/pages\/17\/revisions"}],"predecessor-version":[{"id":5892,"href":"http:\/\/www.yurimansur.com\/fr\/wp-json\/wp\/v2\/pages\/17\/revisions\/5892"}],"wp:attachment":[{"href":"http:\/\/www.yurimansur.com\/fr\/wp-json\/wp\/v2\/media?parent=17"}],"curies":[{"name":"wp","href":"https:\/\/api.w.org\/{rel}","templated":true}]}}